{"id":9105,"date":"2022-01-20T12:26:57","date_gmt":"2022-01-20T12:26:57","guid":{"rendered":"https:\/\/www.zdg.md\/expo\/?page_id=9105"},"modified":"2022-01-20T16:30:42","modified_gmt":"2022-01-20T16:30:42","slug":"2010-2015","status":"publish","type":"page","link":"https:\/\/www.zdg.md\/expo\/?page_id=9105","title":{"rendered":"2010\u20142015"},"content":{"rendered":"\t\t<div data-elementor-type=\"wp-page\" data-elementor-id=\"9105\" class=\"elementor elementor-9105\">\n\t\t\t\t\t\t<section class=\"elementor-section elementor-top-section elementor-element elementor-element-0108172 elementor-section-full_width elementor-section-height-default elementor-section-height-default\" data-id=\"0108172\" data-element_type=\"section\">\n\t\t\t\t\t\t<div class=\"elementor-container elementor-column-gap-default\">\n\t\t\t\t\t<div class=\"elementor-column elementor-col-100 elementor-top-column elementor-element elementor-element-c668d5f\" data-id=\"c668d5f\" data-element_type=\"column\">\n\t\t\t<div class=\"elementor-widget-wrap elementor-element-populated\">\n\t\t\t\t\t\t<div class=\"elementor-element elementor-element-8cf8ea9 elementor-widget elementor-widget-image\" data-id=\"8cf8ea9\" data-element_type=\"widget\" data-widget_type=\"image.default\">\n\t\t\t\t<div class=\"elementor-widget-container\">\n\t\t\t\t\t\t\t\t\t\t<figure class=\"wp-caption\">\n\t\t\t\t\t\t\t\t\t\t<img fetchpriority=\"high\" decoding=\"async\" width=\"2222\" height=\"1589\" src=\"https:\/\/www.zdg.md\/expo\/wp-content\/uploads\/2022\/01\/DSC_98.jpg\" class=\"attachment-full size-full wp-image-9172\" alt=\"\" srcset=\"https:\/\/www.zdg.md\/expo\/wp-content\/uploads\/2022\/01\/DSC_98.jpg 2222w, https:\/\/www.zdg.md\/expo\/wp-content\/uploads\/2022\/01\/DSC_98-300x215.jpg 300w, https:\/\/www.zdg.md\/expo\/wp-content\/uploads\/2022\/01\/DSC_98-1024x732.jpg 1024w, https:\/\/www.zdg.md\/expo\/wp-content\/uploads\/2022\/01\/DSC_98-768x549.jpg 768w, https:\/\/www.zdg.md\/expo\/wp-content\/uploads\/2022\/01\/DSC_98-1536x1098.jpg 1536w, https:\/\/www.zdg.md\/expo\/wp-content\/uploads\/2022\/01\/DSC_98-2048x1465.jpg 2048w, https:\/\/www.zdg.md\/expo\/wp-content\/uploads\/2022\/01\/DSC_98-400x286.jpg 400w, https:\/\/www.zdg.md\/expo\/wp-content\/uploads\/2022\/01\/DSC_98-600x429.jpg 600w\" sizes=\"(max-width: 2222px) 100vw, 2222px\" \/>\t\t\t\t\t\t\t\t\t\t\t<figcaption class=\"widget-image-caption wp-caption-text\">2010\u20142015<\/figcaption>\n\t\t\t\t\t\t\t\t\t\t<\/figure>\n\t\t\t\t\t\t\t<\/div>\n\t\t\t\t<\/div>\n\t\t\t\t\t<\/div>\n\t\t<\/div>\n\t\t\t\t\t<\/div>\n\t\t<\/section>\n\t\t\t\t<div class=\"elementor-section elementor-top-section elementor-element elementor-element-7b6a429 elementor-section-content-top elementor-section-boxed elementor-section-height-default elementor-section-height-default\" data-id=\"7b6a429\" data-element_type=\"section\">\n\t\t\t\t\t\t<div class=\"elementor-container elementor-column-gap-default\">\n\t\t\t\t\t<div class=\"elementor-column elementor-col-100 elementor-top-column elementor-element elementor-element-d5c53a2\" data-id=\"d5c53a2\" data-element_type=\"column\">\n\t\t\t<div class=\"elementor-widget-wrap elementor-element-populated\">\n\t\t\t\t\t\t<div class=\"elementor-element elementor-element-515097f elementor-align-center elementor-widget elementor-widget-heading\" data-id=\"515097f\" data-element_type=\"widget\" data-widget_type=\"heading.default\">\n\t\t\t\t<div class=\"elementor-widget-container\">\n\t\t\t<h1 class=\"elementor-heading-title elementor-size-default\">\u00cencepe marea oligarhizare, coruperea deputa\u021bilor, criminalizarea justi\u021biei, mituirea aleg\u0103torilor.<\/h1>\t\t<\/div>\n\t\t\t\t<\/div>\n\t\t\t\t<div class=\"elementor-element elementor-element-d4c6d4a elementor-drop-cap-yes animated-slow elementor-widget__width-initial elementor-drop-cap-view-default elementor-invisible elementor-widget elementor-widget-text-editor\" data-id=\"d4c6d4a\" data-element_type=\"widget\" data-settings=\"{&quot;drop_cap&quot;:&quot;yes&quot;,&quot;_animation&quot;:&quot;fadeIn&quot;}\" data-widget_type=\"text-editor.default\">\n\t\t\t\t<div class=\"elementor-widget-container\">\n\t\t\t        <div class=\"elementor-text-editor elementor-clearfix\"><p>\u00cen perioada 2010\u20142019 coruperea aleg\u0103torilor a devenit un fenomen extins, f\u0103\u021bi\u0219, abuziv. Votul cet\u0103\u021benilor era determinat de pungi cu hri\u0219c\u0103, sticle cu ulei, saci cu ceap\u0103, cizme de cauciuc, concerte electorale sau conserve de carne.<\/p><p>\u00cen aceea\u0219 perioad\u0103 este devalizat un miliard din trei b\u0103nci ale Republicii Moldova, printr-o schem\u0103 care a conectat politicieni, \u0219efi de b\u0103nci, oameni de afaceri, to\u021bi unici \u00een opera\u021biuni ilicite de preluare de bani din bunurile publice. Ulterior, datoria pentru miliardul furat a fost pus\u0103 pe umerii cet\u0103\u021benilor, iar mul\u021bimea de anchete pornite nu au cauzat condamnarea \u0219i deten\u021bia unei liste exhaustive de persoane implicate.<\/p><\/div>\n        \t\t<\/div>\n\t\t\t\t<\/div>\n\t\t\t\t<div class=\"elementor-element elementor-element-b4f3706 elementor-widget-divider--view-line elementor-widget elementor-widget-divider\" data-id=\"b4f3706\" data-element_type=\"widget\" data-widget_type=\"divider.default\">\n\t\t\t\t<div class=\"elementor-widget-container\">\n\t\t\t\t\t<div class=\"elementor-divider\">\n\t\t\t<span class=\"elementor-divider-separator\">\n\t\t\t\t\t\t<\/span>\n\t\t<\/div>\n\t\t\t\t<\/div>\n\t\t\t\t<\/div>\n\t\t\t\t\t<\/div>\n\t\t<\/div>\n\t\t\t\t\t<\/div>\n\t\t<\/div>\n\t\t\t\t<section class=\"elementor-section elementor-top-section elementor-element elementor-element-f8e5b12 elementor-section-full_width elementor-section-height-default elementor-section-height-default\" data-id=\"f8e5b12\" data-element_type=\"section\" data-settings=\"{&quot;animation&quot;:&quot;none&quot;}\">\n\t\t\t\t\t\t<div class=\"elementor-container elementor-column-gap-default\">\n\t\t\t\t\t<div class=\"elementor-column elementor-col-100 elementor-top-column elementor-element elementor-element-0552184\" data-id=\"0552184\" data-element_type=\"column\" data-settings=\"{&quot;background_background&quot;:&quot;classic&quot;}\">\n\t\t\t<div class=\"elementor-widget-wrap elementor-element-populated\">\n\t\t\t\t\t\t<div class=\"elementor-element elementor-element-8815b4e elementor-align-center elementor-widget elementor-widget-heading\" data-id=\"8815b4e\" data-element_type=\"widget\" data-widget_type=\"heading.default\">\n\t\t\t\t<div class=\"elementor-widget-container\">\n\t\t\t<h1 class=\"elementor-heading-title elementor-size-default\">Coruperea justi\u021biei, mu\u0219amalizarea anchetelor de corup\u021bie mare<\/h1>\t\t<\/div>\n\t\t\t\t<\/div>\n\t\t\t\t<div class=\"elementor-element elementor-element-6edb03c animated-slow elementor-widget__width-initial elementor-drop-cap-yes elementor-drop-cap-view-default elementor-invisible elementor-widget elementor-widget-text-editor\" data-id=\"6edb03c\" data-element_type=\"widget\" data-settings=\"{&quot;_animation&quot;:&quot;fadeIn&quot;,&quot;drop_cap&quot;:&quot;yes&quot;}\" data-widget_type=\"text-editor.default\">\n\t\t\t\t<div class=\"elementor-widget-container\">\n\t\t\t        <div class=\"elementor-text-editor elementor-clearfix\"><p>Cazul cu cea mai mare captur\u0103 de heroin\u0103 din istoria R.Moldova developeaz\u0103 \u0219i modul \u00een care nu a mai func\u021bionat justi\u021bia \u00een acea perioad\u0103, dar \u0219i \u00een cele ulterioare.<\/p><p>La 20 martie 2008, \u00een centrul Chi\u015fin\u0103ului, doi inspectori ai poli\u0163iei rutiere au depistat un automobil \u00eenc\u0103rcat cu saci de fasole, \u00een care erau deghizate brichete de heroin\u0103 \u00een cantitate de 200 kg. Au urmat arest\u0103ri, anchete peste anchete timp de 10 ani.<\/p><p>\u00cen final, au fost condamnate 4 persoane, dar 3 au reu\u0219it s\u0103 fug\u0103 din \u021bar\u0103 iar singurul condamnat la \u00eenchisoare, Corneliu Savca, s-a pl\u00e2ns la CEDO, Moldova fiind condamnat\u0103 ulterior \u0219i achit\u00e2ndu-i acestui fost poli\u021bist peste 13 mii de euro.<\/p><p>\u00a0<\/p><p>\u00a0<\/p><p>\u00a0<\/p><p>\u00a0<\/p><p>\u00a0<\/p><p>\u00a0<\/p><p>\u00a0<\/p><p>\u00a0<\/p><\/div>\n        \t\t<\/div>\n\t\t\t\t<\/div>\n\t\t\t\t<div class=\"elementor-element elementor-element-badebab elementor-widget elementor-widget-spacer\" data-id=\"badebab\" data-element_type=\"widget\" data-widget_type=\"spacer.default\">\n\t\t\t\t<div class=\"elementor-widget-container\">\n\t\t\t\t\t<div class=\"elementor-spacer\">\n\t\t\t<div class=\"elementor-spacer-inner\"><\/div>\n\t\t<\/div>\n\t\t\t\t<\/div>\n\t\t\t\t<\/div>\n\t\t\t\t\t<\/div>\n\t\t<\/div>\n\t\t\t\t\t<\/div>\n\t\t<\/section>\n\t\t\t\t<section class=\"elementor-section elementor-top-section elementor-element elementor-element-c8d5f49 elementor-section-boxed elementor-section-height-default elementor-section-height-default\" data-id=\"c8d5f49\" data-element_type=\"section\">\n\t\t\t\t\t\t<div class=\"elementor-container elementor-column-gap-default\">\n\t\t\t\t\t<div class=\"elementor-column elementor-col-50 elementor-top-column elementor-element elementor-element-bd7a369\" data-id=\"bd7a369\" data-element_type=\"column\">\n\t\t\t<div class=\"elementor-widget-wrap elementor-element-populated\">\n\t\t\t\t\t\t<div class=\"elementor-element elementor-element-113536c elementor-align-center elementor-button-primary elementor-widget elementor-widget-button\" data-id=\"113536c\" data-element_type=\"widget\" data-widget_type=\"button.default\">\n\t\t\t\t<div class=\"elementor-widget-container\">\n\t\t\t        <div class=\"elementor-button-wrapper\">\n            <a href=\"https:\/\/www.zdg.md\/expo\/?page_id=9103\" class=\"elementor-button-link elementor-button elementor-size-lg\" role=\"button\">\n                        <span class=\"elementor-button-content-wrapper\">\n\t\t\t                <span class=\"elementor-button-icon elementor-align-icon-left\">\n\t\t\t\t<i class=\"opal-icon-arrow-circle-left\" aria-hidden=\"true\"><\/i>\n\t\t\t<\/span>\n                        <span class=\"elementor-button-text\">Perioada precedent\u0103 <b>2001\u20142009<\/b><\/span>\n\t\t<\/span>\n\n\n                <\/a>\n        <\/div>\n        \t\t<\/div>\n\t\t\t\t<\/div>\n\t\t\t\t\t<\/div>\n\t\t<\/div>\n\t\t\t\t<div class=\"elementor-column elementor-col-50 elementor-top-column elementor-element elementor-element-113edf7\" data-id=\"113edf7\" data-element_type=\"column\">\n\t\t\t<div class=\"elementor-widget-wrap elementor-element-populated\">\n\t\t\t\t\t\t<div class=\"elementor-element elementor-element-ff2619f elementor-align-center elementor-button-primary elementor-widget elementor-widget-button\" data-id=\"ff2619f\" data-element_type=\"widget\" data-widget_type=\"button.default\">\n\t\t\t\t<div class=\"elementor-widget-container\">\n\t\t\t        <div class=\"elementor-button-wrapper\">\n            <a href=\"https:\/\/www.zdg.md\/expo\/?page_id=9107\" class=\"elementor-button-link elementor-button elementor-size-lg\" role=\"button\">\n                        <span class=\"elementor-button-content-wrapper\">\n\t\t\t                <span class=\"elementor-button-icon elementor-align-icon-right\">\n\t\t\t\t<i class=\"opal-icon-arrow-circle-right\" aria-hidden=\"true\"><\/i>\n\t\t\t<\/span>\n                        <span class=\"elementor-button-text\">Urm\u0103toarea perioad\u0103 <b>2016\u20142021<\/b><\/span>\n\t\t<\/span>\n\n\n                <\/a>\n        <\/div>\n        \t\t<\/div>\n\t\t\t\t<\/div>\n\t\t\t\t\t<\/div>\n\t\t<\/div>\n\t\t\t\t\t<\/div>\n\t\t<\/section>\n\t\t\t\t<\/div>\n\t\t","protected":false},"excerpt":{"rendered":"<p>2010\u20142015 \u00cencepe marea oligarhizare, coruperea deputa\u021bilor, criminalizarea justi\u021biei, mituirea aleg\u0103torilor. \u00cen perioada 2010\u20142019 coruperea aleg\u0103torilor a devenit un fenomen extins, f\u0103\u021bi\u0219, abuziv. Votul cet\u0103\u021benilor era determinat de pungi cu hri\u0219c\u0103, sticle cu ulei, saci cu ceap\u0103, cizme de cauciuc, concerte electorale sau conserve de carne. \u00cen aceea\u0219 perioad\u0103 este devalizat un miliard din trei b\u0103nci [&hellip;]<\/p>\n","protected":false},"author":1,"featured_media":0,"parent":0,"menu_order":0,"comment_status":"closed","ping_status":"closed","template":"page-elementor.php","meta":{"footnotes":""},"class_list":["post-9105","page","type-page","status-publish","hentry"],"_links":{"self":[{"href":"https:\/\/www.zdg.md\/expo\/index.php?rest_route=\/wp\/v2\/pages\/9105","targetHints":{"allow":["GET"]}}],"collection":[{"href":"https:\/\/www.zdg.md\/expo\/index.php?rest_route=\/wp\/v2\/pages"}],"about":[{"href":"https:\/\/www.zdg.md\/expo\/index.php?rest_route=\/wp\/v2\/types\/page"}],"author":[{"embeddable":true,"href":"https:\/\/www.zdg.md\/expo\/index.php?rest_route=\/wp\/v2\/users\/1"}],"replies":[{"embeddable":true,"href":"https:\/\/www.zdg.md\/expo\/index.php?rest_route=%2Fwp%2Fv2%2Fcomments&post=9105"}],"version-history":[{"count":4,"href":"https:\/\/www.zdg.md\/expo\/index.php?rest_route=\/wp\/v2\/pages\/9105\/revisions"}],"predecessor-version":[{"id":9176,"href":"https:\/\/www.zdg.md\/expo\/index.php?rest_route=\/wp\/v2\/pages\/9105\/revisions\/9176"}],"wp:attachment":[{"href":"https:\/\/www.zdg.md\/expo\/index.php?rest_route=%2Fwp%2Fv2%2Fmedia&parent=9105"}],"curies":[{"name":"wp","href":"https:\/\/api.w.org\/{rel}","templated":true}]}}