{"id":9103,"date":"2022-01-20T12:26:04","date_gmt":"2022-01-20T12:26:04","guid":{"rendered":"https:\/\/www.zdg.md\/expo\/?page_id=9103"},"modified":"2022-01-20T16:19:21","modified_gmt":"2022-01-20T16:19:21","slug":"2001-2009","status":"publish","type":"page","link":"https:\/\/www.zdg.md\/expo\/?page_id=9103","title":{"rendered":"2001\u20142009"},"content":{"rendered":"\t\t<div data-elementor-type=\"wp-page\" data-elementor-id=\"9103\" class=\"elementor elementor-9103\">\n\t\t\t\t\t\t<section class=\"elementor-section elementor-top-section elementor-element elementor-element-a33e4b2 elementor-section-full_width elementor-section-height-default elementor-section-height-default\" data-id=\"a33e4b2\" data-element_type=\"section\">\n\t\t\t\t\t\t<div class=\"elementor-container elementor-column-gap-default\">\n\t\t\t\t\t<div class=\"elementor-column elementor-col-100 elementor-top-column elementor-element elementor-element-3cc35b9\" data-id=\"3cc35b9\" data-element_type=\"column\">\n\t\t\t<div class=\"elementor-widget-wrap elementor-element-populated\">\n\t\t\t\t\t\t<div class=\"elementor-element elementor-element-71c1b9d elementor-widget elementor-widget-image\" data-id=\"71c1b9d\" data-element_type=\"widget\" data-widget_type=\"image.default\">\n\t\t\t\t<div class=\"elementor-widget-container\">\n\t\t\t\t\t\t\t\t\t\t<figure class=\"wp-caption\">\n\t\t\t\t\t\t\t\t\t\t<img fetchpriority=\"high\" decoding=\"async\" width=\"2000\" height=\"1339\" src=\"https:\/\/www.zdg.md\/expo\/wp-content\/uploads\/2022\/01\/DSC_5931-voronin.jpg\" class=\"attachment-full size-full wp-image-9146\" alt=\"\" srcset=\"https:\/\/www.zdg.md\/expo\/wp-content\/uploads\/2022\/01\/DSC_5931-voronin.jpg 2000w, https:\/\/www.zdg.md\/expo\/wp-content\/uploads\/2022\/01\/DSC_5931-voronin-300x201.jpg 300w, https:\/\/www.zdg.md\/expo\/wp-content\/uploads\/2022\/01\/DSC_5931-voronin-1024x686.jpg 1024w, https:\/\/www.zdg.md\/expo\/wp-content\/uploads\/2022\/01\/DSC_5931-voronin-768x514.jpg 768w, https:\/\/www.zdg.md\/expo\/wp-content\/uploads\/2022\/01\/DSC_5931-voronin-1536x1028.jpg 1536w, https:\/\/www.zdg.md\/expo\/wp-content\/uploads\/2022\/01\/DSC_5931-voronin-400x268.jpg 400w, https:\/\/www.zdg.md\/expo\/wp-content\/uploads\/2022\/01\/DSC_5931-voronin-600x402.jpg 600w\" sizes=\"(max-width: 2000px) 100vw, 2000px\" \/>\t\t\t\t\t\t\t\t\t\t\t<figcaption class=\"widget-image-caption wp-caption-text\">2001\u20142009<\/figcaption>\n\t\t\t\t\t\t\t\t\t\t<\/figure>\n\t\t\t\t\t\t\t<\/div>\n\t\t\t\t<\/div>\n\t\t\t\t\t<\/div>\n\t\t<\/div>\n\t\t\t\t\t<\/div>\n\t\t<\/section>\n\t\t\t\t<div class=\"elementor-section elementor-top-section elementor-element elementor-element-a3cee88 elementor-section-content-top elementor-section-boxed elementor-section-height-default elementor-section-height-default\" data-id=\"a3cee88\" data-element_type=\"section\">\n\t\t\t\t\t\t<div class=\"elementor-container elementor-column-gap-default\">\n\t\t\t\t\t<div class=\"elementor-column elementor-col-100 elementor-top-column elementor-element elementor-element-1d1ba45\" data-id=\"1d1ba45\" data-element_type=\"column\">\n\t\t\t<div class=\"elementor-widget-wrap elementor-element-populated\">\n\t\t\t\t\t\t<div class=\"elementor-element elementor-element-eae3fea elementor-align-center elementor-widget elementor-widget-heading\" data-id=\"eae3fea\" data-element_type=\"widget\" data-widget_type=\"heading.default\">\n\t\t\t\t<div class=\"elementor-widget-container\">\n\t\t\t<h1 class=\"elementor-heading-title elementor-size-default\">Traficul de femei, copii, organe umane<\/h1>\t\t<\/div>\n\t\t\t\t<\/div>\n\t\t\t\t<div class=\"elementor-element elementor-element-313d858 elementor-drop-cap-yes animated-slow elementor-widget__width-initial elementor-drop-cap-view-default elementor-invisible elementor-widget elementor-widget-text-editor\" data-id=\"313d858\" data-element_type=\"widget\" data-settings=\"{&quot;drop_cap&quot;:&quot;yes&quot;,&quot;_animation&quot;:&quot;fadeIn&quot;}\" data-widget_type=\"text-editor.default\">\n\t\t\t\t<div class=\"elementor-widget-container\">\n\t\t\t        <div class=\"elementor-text-editor elementor-clearfix\"><p>Anii 90-2000 sunt cunoscu\u021bi pentru cele mai \u00eenalte cote ale migra\u021biei ilegale. Din cauza s\u0103r\u0103ciei extreme, a \u00eenc\u0103lc\u0103rii drepturilor omului, cet\u0103\u021benii acceptau s\u0103 plece la munc\u0103 \u00een str\u0103in\u0103tate \u00een condi\u021bii ilegale. \u00cen aceast\u0103 perioad\u0103 s-au comis sute de mii de crime \u00eempotriva cet\u0103\u021benilor R.Moldova, ace\u0219tia fiind transporta\u021bi ilegal, \u00een condi\u021bii periculoase, \u00een diverse state europene, acolo fiind deposeda\u021bi de acte, \u021binu\u021bi \u00een condi\u021bii precare \u0219i exploata\u021bi prin munc\u0103 for\u021bat\u0103, prin impunerea de a cer\u0219i, de a presta servicii intime, f\u0103r\u0103 remunerarea \u0219i respectarea unor minime drepturi.<\/p><p>De\u0219i au fost pornite zeci de anchete privind traficul de fiin\u021be umane, majoritatea au fost mu\u0219amalizate din cauza intereselor criminale ale reprezentan\u021bilor puterii.<\/p><p>Tot la \u00eenceputul anilor 2000 zeci de persoane din Republica Moldova au ajuns victime ale traficului de organe. Oamenii erau transporta\u021bi \u00een clinici din Turcia, Germania \u0219i alte state unde li se prelevau prin uz de fals \u00een acte, c\u00e2te un rinichi, fiind remunera\u021bi cu sume de aproximativ 3000 USD.<\/p><p>Dup\u0103 un \u0219ir de investiga\u021bii publicate \u00een presa str\u0103in\u0103, parlamentara elve\u021bian\u0103 Ruth-Gaby Vermot-Mangold a efectuat o vizit\u0103 \u00een Moldova, realiz\u00e2nd un raport privind traficul de organe \u0219i cauzele acestuia. Raportul a fost prezentat \u00een anul 2003 \u00een plenul Adun\u0103rii Parlamentare a Consiliului Europei.<\/p><p>Ulterior, Moldova a fost determinat\u0103 s\u0103 fac\u0103 ajust\u0103ri \u00een Codul Penal, introduc\u00e2nd pentru prima dat\u0103 pedepse privind traficul de organe. P\u00e2n\u0103 atunci, trafican\u021bii de rinichi erau pedepsi\u021bi \u00een baza legisla\u021biei privind activitatea comercial\u0103 ilegal\u0103.<\/p><\/div>\n        \t\t<\/div>\n\t\t\t\t<\/div>\n\t\t\t\t<div class=\"elementor-element elementor-element-a31892e elementor-widget-divider--view-line elementor-widget elementor-widget-divider\" data-id=\"a31892e\" data-element_type=\"widget\" data-widget_type=\"divider.default\">\n\t\t\t\t<div class=\"elementor-widget-container\">\n\t\t\t\t\t<div class=\"elementor-divider\">\n\t\t\t<span class=\"elementor-divider-separator\">\n\t\t\t\t\t\t<\/span>\n\t\t<\/div>\n\t\t\t\t<\/div>\n\t\t\t\t<\/div>\n\t\t\t\t\t<\/div>\n\t\t<\/div>\n\t\t\t\t\t<\/div>\n\t\t<\/div>\n\t\t\t\t<section class=\"elementor-section elementor-top-section elementor-element elementor-element-1072484 elementor-section-full_width elementor-section-height-default elementor-section-height-default\" data-id=\"1072484\" data-element_type=\"section\" data-settings=\"{&quot;animation&quot;:&quot;none&quot;}\">\n\t\t\t\t\t\t<div class=\"elementor-container elementor-column-gap-default\">\n\t\t\t\t\t<div class=\"elementor-column elementor-col-100 elementor-top-column elementor-element elementor-element-8127056\" data-id=\"8127056\" data-element_type=\"column\" data-settings=\"{&quot;background_background&quot;:&quot;classic&quot;}\">\n\t\t\t<div class=\"elementor-widget-wrap elementor-element-populated\">\n\t\t\t\t\t\t<div class=\"elementor-element elementor-element-72f9778 elementor-align-center elementor-widget elementor-widget-heading\" data-id=\"72f9778\" data-element_type=\"widget\" data-widget_type=\"heading.default\">\n\t\t\t\t<div class=\"elementor-widget-container\">\n\t\t\t<h1 class=\"elementor-heading-title elementor-size-default\">Coruperea justi\u021biei, mu\u0219amalizarea anchetelor de corup\u021bie mare<\/h1>\t\t<\/div>\n\t\t\t\t<\/div>\n\t\t\t\t<div class=\"elementor-element elementor-element-c680ef5 animated-slow elementor-widget__width-initial elementor-drop-cap-yes elementor-drop-cap-view-default elementor-invisible elementor-widget elementor-widget-text-editor\" data-id=\"c680ef5\" data-element_type=\"widget\" data-settings=\"{&quot;_animation&quot;:&quot;fadeIn&quot;,&quot;drop_cap&quot;:&quot;yes&quot;}\" data-widget_type=\"text-editor.default\">\n\t\t\t\t<div class=\"elementor-widget-container\">\n\t\t\t        <div class=\"elementor-text-editor elementor-clearfix\"><p>Cazul cu cea mai mare captur\u0103 de heroin\u0103 din istoria R.Moldova developeaz\u0103 \u0219i modul \u00een care nu a mai func\u021bionat justi\u021bia \u00een acea perioad\u0103, dar \u0219i \u00een cele ulterioare.<\/p><p>La 20 martie 2008, \u00een centrul Chi\u015fin\u0103ului, doi inspectori ai poli\u0163iei rutiere au depistat un automobil \u00eenc\u0103rcat cu saci de fasole, \u00een care erau deghizate brichete de heroin\u0103 \u00een cantitate de 200 kg. Au urmat arest\u0103ri, anchete peste anchete timp de 10 ani.<\/p><p>\u00cen final, au fost condamnate 4 persoane, dar 3 au reu\u0219it s\u0103 fug\u0103 din \u021bar\u0103 iar singurul condamnat la \u00eenchisoare, Corneliu Savca, s-a pl\u00e2ns la CEDO, Moldova fiind condamnat\u0103 ulterior \u0219i achit\u00e2ndu-i acestui fost poli\u021bist peste 13 mii de euro.<\/p><p>\u00a0<\/p><p>\u00a0<\/p><p>\u00a0<\/p><p>\u00a0<\/p><p>\u00a0<\/p><p>\u00a0<\/p><p>\u00a0<\/p><p>\u00a0<\/p><\/div>\n        \t\t<\/div>\n\t\t\t\t<\/div>\n\t\t\t\t<div class=\"elementor-element elementor-element-3ab19a4 elementor-widget elementor-widget-spacer\" data-id=\"3ab19a4\" data-element_type=\"widget\" data-widget_type=\"spacer.default\">\n\t\t\t\t<div class=\"elementor-widget-container\">\n\t\t\t\t\t<div class=\"elementor-spacer\">\n\t\t\t<div class=\"elementor-spacer-inner\"><\/div>\n\t\t<\/div>\n\t\t\t\t<\/div>\n\t\t\t\t<\/div>\n\t\t\t\t\t<\/div>\n\t\t<\/div>\n\t\t\t\t\t<\/div>\n\t\t<\/section>\n\t\t\t\t<div class=\"elementor-section elementor-top-section elementor-element elementor-element-51c832c elementor-section-content-top elementor-section-boxed elementor-section-height-default elementor-section-height-default\" data-id=\"51c832c\" data-element_type=\"section\">\n\t\t\t\t\t\t<div class=\"elementor-container elementor-column-gap-default\">\n\t\t\t\t\t<div class=\"elementor-column elementor-col-100 elementor-top-column elementor-element elementor-element-0bbe6ab\" data-id=\"0bbe6ab\" data-element_type=\"column\">\n\t\t\t<div class=\"elementor-widget-wrap elementor-element-populated\">\n\t\t\t\t\t\t<div class=\"elementor-element elementor-element-38c85cc elementor-align-center elementor-widget elementor-widget-heading\" data-id=\"38c85cc\" data-element_type=\"widget\" data-widget_type=\"heading.default\">\n\t\t\t\t<div class=\"elementor-widget-container\">\n\t\t\t<h1 class=\"elementor-heading-title elementor-size-default\">Revoltele pa\u0219nice \u0219i tortura inuman\u0103 din 2009, r\u0103mas\u0103 nepedepsit\u0103<\/h1>\t\t<\/div>\n\t\t\t\t<\/div>\n\t\t\t\t<div class=\"elementor-element elementor-element-ae6d1f3 elementor-drop-cap-yes animated-slow elementor-widget__width-initial elementor-drop-cap-view-default elementor-invisible elementor-widget elementor-widget-text-editor\" data-id=\"ae6d1f3\" data-element_type=\"widget\" data-settings=\"{&quot;drop_cap&quot;:&quot;yes&quot;,&quot;_animation&quot;:&quot;fadeIn&quot;}\" data-widget_type=\"text-editor.default\">\n\t\t\t\t<div class=\"elementor-widget-container\">\n\t\t\t        <div class=\"elementor-text-editor elementor-clearfix\"><p>R. Moldova a pl\u0103tit, p\u00e2n\u0103 acum, aproape cinci milioane de lei, pentru inac\u021biunile organelor de drept \u00een urma evenimentelor din 7 \u0219i 8 aprilie 2009, dup\u0103 ce tinerii maltrata\u021bi \u0219i judeca\u021bi \u00een comisariatele de poli\u021bie \u0219i-au g\u0103sit dreptatea la Curtea European\u0103 a Drepturilor Omului.<\/p><p>Dup\u0103 <a href=\"https:\/\/www.zdg.md\/stiri\/stiri-sociale\/12-ani-de-la-protestele-generatiei-7-aprilie-2009-cronologia-evenimentelor-cum-a-inceput-revolutia\/\">12 ani de la evenimentele din aprilie 2009<\/a>, nimeni nu \u00ee\u0219i isp\u0103\u0219e\u0219te pedeapsa \u00een \u00eenchisoare pentru abuzurile comise. Un singur poli\u021bist, ast\u0103zi fugar \u0219i c\u0103utat de Interpol, a fost condamnat la \u00eenchisoare, iar pe rolul instan\u021belor na\u021bionale se mai afl\u0103 un singur dosar \u00een care este implicat un factor de decizie din acea perioad\u0103.<\/p><p>\u00a0<\/p><\/div>\n        \t\t<\/div>\n\t\t\t\t<\/div>\n\t\t\t\t<div class=\"elementor-element elementor-element-791c14d elementor-widget elementor-widget-image\" data-id=\"791c14d\" data-element_type=\"widget\" data-widget_type=\"image.default\">\n\t\t\t\t<div class=\"elementor-widget-container\">\n\t\t\t\t\t\t\t\t\t\t\t\t\t<img decoding=\"async\" width=\"1196\" height=\"657\" src=\"https:\/\/www.zdg.md\/expo\/wp-content\/uploads\/2022\/01\/2009-4.jpg\" class=\"attachment-full size-full wp-image-9167\" alt=\"\" srcset=\"https:\/\/www.zdg.md\/expo\/wp-content\/uploads\/2022\/01\/2009-4.jpg 1196w, https:\/\/www.zdg.md\/expo\/wp-content\/uploads\/2022\/01\/2009-4-300x165.jpg 300w, https:\/\/www.zdg.md\/expo\/wp-content\/uploads\/2022\/01\/2009-4-1024x563.jpg 1024w, https:\/\/www.zdg.md\/expo\/wp-content\/uploads\/2022\/01\/2009-4-768x422.jpg 768w, https:\/\/www.zdg.md\/expo\/wp-content\/uploads\/2022\/01\/2009-4-400x220.jpg 400w, https:\/\/www.zdg.md\/expo\/wp-content\/uploads\/2022\/01\/2009-4-600x330.jpg 600w\" sizes=\"(max-width: 1196px) 100vw, 1196px\" \/>\t\t\t\t\t\t\t\t\t\t\t\t\t<\/div>\n\t\t\t\t<\/div>\n\t\t\t\t<div class=\"elementor-element elementor-element-569f938 elementor-widget-divider--view-line elementor-widget elementor-widget-divider\" data-id=\"569f938\" data-element_type=\"widget\" data-widget_type=\"divider.default\">\n\t\t\t\t<div class=\"elementor-widget-container\">\n\t\t\t\t\t<div class=\"elementor-divider\">\n\t\t\t<span class=\"elementor-divider-separator\">\n\t\t\t\t\t\t<\/span>\n\t\t<\/div>\n\t\t\t\t<\/div>\n\t\t\t\t<\/div>\n\t\t\t\t\t<\/div>\n\t\t<\/div>\n\t\t\t\t\t<\/div>\n\t\t<\/div>\n\t\t\t\t<section class=\"elementor-section elementor-top-section elementor-element elementor-element-8f974f1 elementor-section-boxed elementor-section-height-default elementor-section-height-default\" data-id=\"8f974f1\" data-element_type=\"section\">\n\t\t\t\t\t\t<div class=\"elementor-container elementor-column-gap-default\">\n\t\t\t\t\t<div class=\"elementor-column elementor-col-50 elementor-top-column elementor-element elementor-element-aab0461\" data-id=\"aab0461\" data-element_type=\"column\">\n\t\t\t<div class=\"elementor-widget-wrap elementor-element-populated\">\n\t\t\t\t\t\t<div class=\"elementor-element elementor-element-cb3cb3d elementor-align-center elementor-button-primary elementor-widget elementor-widget-button\" data-id=\"cb3cb3d\" data-element_type=\"widget\" data-widget_type=\"button.default\">\n\t\t\t\t<div class=\"elementor-widget-container\">\n\t\t\t        <div class=\"elementor-button-wrapper\">\n            <a href=\"https:\/\/www.zdg.md\/expo\/?page_id=9094\" class=\"elementor-button-link elementor-button elementor-size-lg\" role=\"button\">\n                        <span class=\"elementor-button-content-wrapper\">\n\t\t\t                <span class=\"elementor-button-icon elementor-align-icon-left\">\n\t\t\t\t<i class=\"opal-icon-arrow-circle-left\" aria-hidden=\"true\"><\/i>\n\t\t\t<\/span>\n                        <span class=\"elementor-button-text\">Perioada precedent\u0103 <b>1998\u20142001<\/b><\/span>\n\t\t<\/span>\n\n\n                <\/a>\n        <\/div>\n        \t\t<\/div>\n\t\t\t\t<\/div>\n\t\t\t\t\t<\/div>\n\t\t<\/div>\n\t\t\t\t<div class=\"elementor-column elementor-col-50 elementor-top-column elementor-element elementor-element-12b8b0e\" data-id=\"12b8b0e\" data-element_type=\"column\">\n\t\t\t<div class=\"elementor-widget-wrap elementor-element-populated\">\n\t\t\t\t\t\t<div class=\"elementor-element elementor-element-3360c56 elementor-align-center elementor-button-primary elementor-widget elementor-widget-button\" data-id=\"3360c56\" data-element_type=\"widget\" data-widget_type=\"button.default\">\n\t\t\t\t<div class=\"elementor-widget-container\">\n\t\t\t        <div class=\"elementor-button-wrapper\">\n            <a href=\"https:\/\/www.zdg.md\/expo\/?page_id=9105\" class=\"elementor-button-link elementor-button elementor-size-lg\" role=\"button\">\n                        <span class=\"elementor-button-content-wrapper\">\n\t\t\t                <span class=\"elementor-button-icon elementor-align-icon-right\">\n\t\t\t\t<i class=\"opal-icon-arrow-circle-right\" aria-hidden=\"true\"><\/i>\n\t\t\t<\/span>\n                        <span class=\"elementor-button-text\">Urm\u0103toarea perioad\u0103 <b>2010\u20142015<\/b><\/span>\n\t\t<\/span>\n\n\n                <\/a>\n        <\/div>\n        \t\t<\/div>\n\t\t\t\t<\/div>\n\t\t\t\t\t<\/div>\n\t\t<\/div>\n\t\t\t\t\t<\/div>\n\t\t<\/section>\n\t\t\t\t<\/div>\n\t\t","protected":false},"excerpt":{"rendered":"<p>2001\u20142009 Traficul de femei, copii, organe umane Anii 90-2000 sunt cunoscu\u021bi pentru cele mai \u00eenalte cote ale migra\u021biei ilegale. Din cauza s\u0103r\u0103ciei extreme, a \u00eenc\u0103lc\u0103rii drepturilor omului, cet\u0103\u021benii acceptau s\u0103 plece la munc\u0103 \u00een str\u0103in\u0103tate \u00een condi\u021bii ilegale. \u00cen aceast\u0103 perioad\u0103 s-au comis sute de mii de crime \u00eempotriva cet\u0103\u021benilor R.Moldova, ace\u0219tia fiind transporta\u021bi ilegal, [&hellip;]<\/p>\n","protected":false},"author":1,"featured_media":0,"parent":0,"menu_order":0,"comment_status":"closed","ping_status":"closed","template":"page-elementor.php","meta":{"footnotes":""},"class_list":["post-9103","page","type-page","status-publish","hentry"],"_links":{"self":[{"href":"https:\/\/www.zdg.md\/expo\/index.php?rest_route=\/wp\/v2\/pages\/9103","targetHints":{"allow":["GET"]}}],"collection":[{"href":"https:\/\/www.zdg.md\/expo\/index.php?rest_route=\/wp\/v2\/pages"}],"about":[{"href":"https:\/\/www.zdg.md\/expo\/index.php?rest_route=\/wp\/v2\/types\/page"}],"author":[{"embeddable":true,"href":"https:\/\/www.zdg.md\/expo\/index.php?rest_route=\/wp\/v2\/users\/1"}],"replies":[{"embeddable":true,"href":"https:\/\/www.zdg.md\/expo\/index.php?rest_route=%2Fwp%2Fv2%2Fcomments&post=9103"}],"version-history":[{"count":25,"href":"https:\/\/www.zdg.md\/expo\/index.php?rest_route=\/wp\/v2\/pages\/9103\/revisions"}],"predecessor-version":[{"id":9170,"href":"https:\/\/www.zdg.md\/expo\/index.php?rest_route=\/wp\/v2\/pages\/9103\/revisions\/9170"}],"wp:attachment":[{"href":"https:\/\/www.zdg.md\/expo\/index.php?rest_route=%2Fwp%2Fv2%2Fmedia&parent=9103"}],"curies":[{"name":"wp","href":"https:\/\/api.w.org\/{rel}","templated":true}]}}