{"id":9094,"date":"2022-01-20T12:17:04","date_gmt":"2022-01-20T12:17:04","guid":{"rendered":"https:\/\/www.zdg.md\/expo\/?page_id=9094"},"modified":"2022-01-20T15:51:26","modified_gmt":"2022-01-20T15:51:26","slug":"1998-2001","status":"publish","type":"page","link":"https:\/\/www.zdg.md\/expo\/?page_id=9094","title":{"rendered":"1998\u20142001"},"content":{"rendered":"\t\t<div data-elementor-type=\"wp-page\" data-elementor-id=\"9094\" class=\"elementor elementor-9094\">\n\t\t\t\t\t\t<section class=\"elementor-section elementor-top-section elementor-element elementor-element-5535c87 elementor-section-full_width elementor-section-height-default elementor-section-height-default\" data-id=\"5535c87\" data-element_type=\"section\">\n\t\t\t\t\t\t<div class=\"elementor-container elementor-column-gap-default\">\n\t\t\t\t\t<div class=\"elementor-column elementor-col-100 elementor-top-column elementor-element elementor-element-dfb31fa\" data-id=\"dfb31fa\" data-element_type=\"column\">\n\t\t\t<div class=\"elementor-widget-wrap elementor-element-populated\">\n\t\t\t\t\t\t<div class=\"elementor-element elementor-element-74247bf elementor-widget elementor-widget-image\" data-id=\"74247bf\" data-element_type=\"widget\" data-widget_type=\"image.default\">\n\t\t\t\t<div class=\"elementor-widget-container\">\n\t\t\t\t\t\t\t\t\t\t<figure class=\"wp-caption\">\n\t\t\t\t\t\t\t\t\t\t<img fetchpriority=\"high\" decoding=\"async\" width=\"2000\" height=\"1062\" src=\"https:\/\/www.zdg.md\/expo\/wp-content\/uploads\/2022\/01\/19850006-32.jpg\" class=\"attachment-full size-full wp-image-9132\" alt=\"\" srcset=\"https:\/\/www.zdg.md\/expo\/wp-content\/uploads\/2022\/01\/19850006-32.jpg 2000w, https:\/\/www.zdg.md\/expo\/wp-content\/uploads\/2022\/01\/19850006-32-300x159.jpg 300w, https:\/\/www.zdg.md\/expo\/wp-content\/uploads\/2022\/01\/19850006-32-1024x544.jpg 1024w, https:\/\/www.zdg.md\/expo\/wp-content\/uploads\/2022\/01\/19850006-32-768x408.jpg 768w, https:\/\/www.zdg.md\/expo\/wp-content\/uploads\/2022\/01\/19850006-32-1536x816.jpg 1536w, https:\/\/www.zdg.md\/expo\/wp-content\/uploads\/2022\/01\/19850006-32-400x212.jpg 400w, https:\/\/www.zdg.md\/expo\/wp-content\/uploads\/2022\/01\/19850006-32-600x319.jpg 600w\" sizes=\"(max-width: 2000px) 100vw, 2000px\" \/>\t\t\t\t\t\t\t\t\t\t\t<figcaption class=\"widget-image-caption wp-caption-text\">1998\u20142001<\/figcaption>\n\t\t\t\t\t\t\t\t\t\t<\/figure>\n\t\t\t\t\t\t\t<\/div>\n\t\t\t\t<\/div>\n\t\t\t\t\t<\/div>\n\t\t<\/div>\n\t\t\t\t\t<\/div>\n\t\t<\/section>\n\t\t\t\t<div class=\"elementor-section elementor-top-section elementor-element elementor-element-f7d6a35 elementor-section-content-top elementor-section-boxed elementor-section-height-default elementor-section-height-default\" data-id=\"f7d6a35\" data-element_type=\"section\">\n\t\t\t\t\t\t<div class=\"elementor-container elementor-column-gap-default\">\n\t\t\t\t\t<div class=\"elementor-column elementor-col-100 elementor-top-column elementor-element elementor-element-36662e7\" data-id=\"36662e7\" data-element_type=\"column\">\n\t\t\t<div class=\"elementor-widget-wrap elementor-element-populated\">\n\t\t\t\t\t\t<div class=\"elementor-element elementor-element-212d5dc elementor-align-center elementor-widget elementor-widget-heading\" data-id=\"212d5dc\" data-element_type=\"widget\" data-widget_type=\"heading.default\">\n\t\t\t\t<div class=\"elementor-widget-container\">\n\t\t\t<h1 class=\"elementor-heading-title elementor-size-default\">Mafia de la Chi\u0219in\u0103u se conecteaz\u0103 f\u0103\u021bi\u0219 la mafia global\u0103, implicat\u0103 \u00een comer\u021bul ilegal de arme, fiin\u021be umane, inclusiv femei, copii, \u00eencepe traficul de organe<\/h1>\t\t<\/div>\n\t\t\t\t<\/div>\n\t\t\t\t<div class=\"elementor-element elementor-element-0b40b23 elementor-drop-cap-yes animated-slow elementor-widget__width-initial elementor-drop-cap-view-default elementor-invisible elementor-widget elementor-widget-text-editor\" data-id=\"0b40b23\" data-element_type=\"widget\" data-settings=\"{&quot;drop_cap&quot;:&quot;yes&quot;,&quot;_animation&quot;:&quot;fadeIn&quot;}\" data-widget_type=\"text-editor.default\">\n\t\t\t\t<div class=\"elementor-widget-container\">\n\t\t\t        <div class=\"elementor-text-editor elementor-clearfix\"><p>Victor Bout este printre cei mai vesti\u021bi trafican\u021bi de arme de pe glob. \u0218i-a \u00eenceput cariera de dealer interna\u021bional de arme imediat dup\u0103 destr\u0103marea URSS. A reu\u0219it s\u0103 fac\u0103 conexiuni \u00eentre structuri de avia\u021bie \u0219i de v\u00e2nzare de armamente. A fost arestat \u00een Thailanda \u00een 2008, iar din 2011 este de\u021binut \u00een penitenciarul Marion din SUA.<\/p><p><img decoding=\"async\" class=\"aligncenter wp-image-9121 size-full\" src=\"https:\/\/www.zdg.md\/expo\/wp-content\/uploads\/2022\/01\/arms23.jpg\" alt=\"\" width=\"581\" height=\"447\" srcset=\"https:\/\/www.zdg.md\/expo\/wp-content\/uploads\/2022\/01\/arms23.jpg 581w, https:\/\/www.zdg.md\/expo\/wp-content\/uploads\/2022\/01\/arms23-300x231.jpg 300w, https:\/\/www.zdg.md\/expo\/wp-content\/uploads\/2022\/01\/arms23-400x308.jpg 400w\" sizes=\"(max-width: 581px) 100vw, 581px\" \/><\/p><p>Mai multe firme moldovene\u0219ti au f\u0103cut comer\u021b ilicit cu structurile v\u00e2nz\u0103torului ilegal de arme Viktor Bout. \u201cUn transportator important de arme din Serbia c\u0103tre Liberia este \u201cAerocom\u201d, tot din Moldova, deconspirat\u0103 de ONU \u00een 1992. Aceasta companie este asociat\u0103 cu re\u021beaua lui But\u201d, se men\u021bioneaz\u0103 \u00eentr-un raport al Consiliului de Securitate al ONU, publicat \u00een 2001.<\/p><blockquote><p>\u201c\u00cen octombrie 2001, compania \u201cCentral African Airlines\u201d tot a lui Victor But a lucrat cu compania moldoveneasca \u201cRenan\u201c, vanzand arme rebelilor din Sierra Leone, afla\u021bi \u00eentr-un r\u0103zboi civil. Aeronava Renan apartinea unui businessman cecen, stabilit in Ungaria, care a folosit companii offshore din Marea Britanie \u0219i Irlanda, se spune \u00een raport.<\/p><\/blockquote><p>Alte companii din Moldova, activitatea carora este legata de Victor But sunt \u201cZori\u201d sau \u201cZory Air\u201d, numite si in rapoartele Departamentului de stat al US, alaturi de \u201cRenan\u201d, \u201cAerocom\u201d, si \u201cJetline International\u201d.<\/p><\/div>\n        \t\t<\/div>\n\t\t\t\t<\/div>\n\t\t\t\t<div class=\"elementor-element elementor-element-c00c25d owl-nav-position-center elementor-widget elementor-widget-opal-image_text_carousel\" data-id=\"c00c25d\" data-element_type=\"widget\" data-widget_type=\"opal-image_text_carousel.default\">\n\t\t\t\t<div class=\"elementor-widget-container\">\n\t\t\t            <div class=\"elementor-image_text_carousel-wrapper\">\n                <div class=\"owl-carousel owl-theme\" data-settings=\"{&quot;navigation&quot;:&quot;both&quot;,&quot;autoplayHoverPause&quot;:&quot;true&quot;,&quot;autoplay&quot;:&quot;true&quot;,&quot;autoplayTimeout&quot;:5000,&quot;items&quot;:&quot;3&quot;,&quot;loop&quot;:&quot;true&quot;,&quot;center&quot;:true,&quot;mouseDrag&quot;:false,&quot;smartSpeed&quot;:300,&quot;rtl&quot;:false,&quot;items_tablet&quot;:1,&quot;items_mobile&quot;:1}\">\n                                            <div class=\"elementor-content-item column-item\">\n                            <div class=\"elementor-content-item-inner\">\n                                <div class=\"elementor-image-framed\"><figure class=\"elementor-image-box-img\"><img decoding=\"async\" width=\"400\" height=\"551\" src=\"https:\/\/www.zdg.md\/expo\/wp-content\/uploads\/2022\/01\/arms.jpg\" class=\"attachment-full size-full wp-image-9119\" alt=\"\" srcset=\"https:\/\/www.zdg.md\/expo\/wp-content\/uploads\/2022\/01\/arms.jpg 400w, https:\/\/www.zdg.md\/expo\/wp-content\/uploads\/2022\/01\/arms-218x300.jpg 218w\" sizes=\"(max-width: 400px) 100vw, 400px\" \/><\/figure><\/div>                                <div class=\"elementor-content-wrap\">\n                                    <h4 class=\"elementor-heading-title\">Titlu?<\/h4>                                <\/div>\n                            <\/div>\n                        <\/div>\n                                            <div class=\"elementor-content-item column-item\">\n                            <div class=\"elementor-content-item-inner\">\n                                <div class=\"elementor-image-framed\"><figure class=\"elementor-image-box-img elementor-image-box-img\"><img loading=\"lazy\" decoding=\"async\" width=\"431\" height=\"646\" src=\"https:\/\/www.zdg.md\/expo\/wp-content\/uploads\/2022\/01\/arms2.jpg\" class=\"attachment-full size-full wp-image-9120\" alt=\"\" srcset=\"https:\/\/www.zdg.md\/expo\/wp-content\/uploads\/2022\/01\/arms2.jpg 431w, https:\/\/www.zdg.md\/expo\/wp-content\/uploads\/2022\/01\/arms2-200x300.jpg 200w, https:\/\/www.zdg.md\/expo\/wp-content\/uploads\/2022\/01\/arms2-400x600.jpg 400w\" sizes=\"(max-width: 431px) 100vw, 431px\" \/><\/figure><\/div>                                <div class=\"elementor-content-wrap\">\n                                    <h4 class=\"elementor-heading-title\">Title<\/h4>                                <\/div>\n                            <\/div>\n                        <\/div>\n                                    <\/div>\n            <\/div>\n            \t\t<\/div>\n\t\t\t\t<\/div>\n\t\t\t\t<div class=\"elementor-element elementor-element-668d7d5 elementor-widget-divider--view-line elementor-widget elementor-widget-divider\" data-id=\"668d7d5\" data-element_type=\"widget\" data-widget_type=\"divider.default\">\n\t\t\t\t<div class=\"elementor-widget-container\">\n\t\t\t\t\t<div class=\"elementor-divider\">\n\t\t\t<span class=\"elementor-divider-separator\">\n\t\t\t\t\t\t<\/span>\n\t\t<\/div>\n\t\t\t\t<\/div>\n\t\t\t\t<\/div>\n\t\t\t\t\t<\/div>\n\t\t<\/div>\n\t\t\t\t\t<\/div>\n\t\t<\/div>\n\t\t\t\t<div class=\"elementor-section elementor-top-section elementor-element elementor-element-a1a524e elementor-section-content-top elementor-section-boxed elementor-section-height-default elementor-section-height-default\" data-id=\"a1a524e\" data-element_type=\"section\">\n\t\t\t\t\t\t<div class=\"elementor-container elementor-column-gap-default\">\n\t\t\t\t\t<div class=\"elementor-column elementor-col-100 elementor-top-column elementor-element elementor-element-9d13d0d\" data-id=\"9d13d0d\" data-element_type=\"column\">\n\t\t\t<div class=\"elementor-widget-wrap elementor-element-populated\">\n\t\t\t\t\t\t<div class=\"elementor-element elementor-element-80dad57 elementor-align-center elementor-widget elementor-widget-heading\" data-id=\"80dad57\" data-element_type=\"widget\" data-widget_type=\"heading.default\">\n\t\t\t\t<div class=\"elementor-widget-container\">\n\t\t\t<h1 class=\"elementor-heading-title elementor-size-default\">Crearea companiilor intermediare \u00een domeniul energetic, care au \u00eendatorat \u00een permanen\u021b\u0103 bugetul de stat \u0219i cet\u0103\u021benii R.Moldova<\/h1>\t\t<\/div>\n\t\t\t\t<\/div>\n\t\t\t\t<div class=\"elementor-element elementor-element-0252a83 animated-slow elementor-widget__width-initial elementor-invisible elementor-widget elementor-widget-text-editor\" data-id=\"0252a83\" data-element_type=\"widget\" data-settings=\"{&quot;_animation&quot;:&quot;fadeIn&quot;}\" data-widget_type=\"text-editor.default\">\n\t\t\t\t<div class=\"elementor-widget-container\">\n\t\t\t        <div class=\"elementor-text-editor elementor-clearfix\"><p>SA \u201eMoldovagaz\u201d a fost fondat\u0103 \u00een anul 1999. Societatea ruseasc\u0103 \u201dGazprom\u201d de\u021bine 50% din ac\u021biuni, \u00een timp ce Agen\u021bia Propriet\u0103\u021bii Publice a R. Moldova 35,33%, Comitetul de gestionare a patrimoniului din Transnistria 13,44%, persoanele fizice \u0219i juridice 1,23%.<\/p><p>\u00cen to\u021bi ace\u0219ti ani, Moldova a fost mereu considerat\u0103 datornic\u0103 fa\u021b\u0103 de Gazprom, de\u0219i schemele de livrare a gazelor, de formare a datoriilor, la fel ca \u0219i ac\u021bionarii MoldovaGaz, nu sunt cunoscu\u021bi publicului.<\/p><p>La finele anului 2021 suma declarat\u0103 de Gazprom privind datoria pentru gaze a Republicii Moldova ar fi de 700 de milioane de dolari sau peste 12 miliarde de lei.<\/p><p>Dac\u0103 suma datoriilor c\u0103tre Gazprom ar fi constituit\u0103 din bancnote a c\u00e2te un leu, puse una l\u00e2ng\u0103 alta, s-ar crea un \u0219ir de bancnote care ar \u00eenconjura Ecuatorul de 36 de ori. Din acela\u0219 \u0219ir de bancnote s-ar putea face de minim trei ori distan\u021ba p\u00een\u0103 la lun\u0103.<\/p><\/div>\n        \t\t<\/div>\n\t\t\t\t<\/div>\n\t\t\t\t<div class=\"elementor-element elementor-element-5e01533 elementor-widget elementor-widget-image\" data-id=\"5e01533\" data-element_type=\"widget\" data-widget_type=\"image.default\">\n\t\t\t\t<div class=\"elementor-widget-container\">\n\t\t\t\t\t\t\t\t\t\t\t\t\t<img loading=\"lazy\" decoding=\"async\" width=\"709\" height=\"488\" src=\"https:\/\/www.zdg.md\/expo\/wp-content\/uploads\/2022\/01\/gazprom2.jpg\" class=\"attachment-full size-full wp-image-9122\" alt=\"\" srcset=\"https:\/\/www.zdg.md\/expo\/wp-content\/uploads\/2022\/01\/gazprom2.jpg 709w, https:\/\/www.zdg.md\/expo\/wp-content\/uploads\/2022\/01\/gazprom2-300x206.jpg 300w, https:\/\/www.zdg.md\/expo\/wp-content\/uploads\/2022\/01\/gazprom2-400x275.jpg 400w, https:\/\/www.zdg.md\/expo\/wp-content\/uploads\/2022\/01\/gazprom2-600x413.jpg 600w\" sizes=\"(max-width: 709px) 100vw, 709px\" \/>\t\t\t\t\t\t\t\t\t\t\t\t\t<\/div>\n\t\t\t\t<\/div>\n\t\t\t\t\t<\/div>\n\t\t<\/div>\n\t\t\t\t\t<\/div>\n\t\t<\/div>\n\t\t\t\t<section class=\"elementor-section elementor-top-section elementor-element elementor-element-093f81a elementor-section-boxed elementor-section-height-default elementor-section-height-default\" data-id=\"093f81a\" data-element_type=\"section\">\n\t\t\t\t\t\t<div class=\"elementor-container elementor-column-gap-default\">\n\t\t\t\t\t<div class=\"elementor-column elementor-col-50 elementor-top-column elementor-element elementor-element-8975e17\" data-id=\"8975e17\" data-element_type=\"column\">\n\t\t\t<div class=\"elementor-widget-wrap elementor-element-populated\">\n\t\t\t\t\t\t<div class=\"elementor-element elementor-element-bc64162 elementor-align-center elementor-button-primary elementor-widget elementor-widget-button\" data-id=\"bc64162\" data-element_type=\"widget\" data-widget_type=\"button.default\">\n\t\t\t\t<div class=\"elementor-widget-container\">\n\t\t\t        <div class=\"elementor-button-wrapper\">\n            <a href=\"https:\/\/www.zdg.md\/expo\/?page_id=8951\" class=\"elementor-button-link elementor-button elementor-size-lg\" role=\"button\">\n                        <span class=\"elementor-button-content-wrapper\">\n\t\t\t                <span class=\"elementor-button-icon elementor-align-icon-left\">\n\t\t\t\t<i class=\"opal-icon-arrow-circle-left\" aria-hidden=\"true\"><\/i>\n\t\t\t<\/span>\n                        <span class=\"elementor-button-text\">Perioada precedent\u0103 <b>1991\u20141997<\/b><\/span>\n\t\t<\/span>\n\n\n                <\/a>\n        <\/div>\n        \t\t<\/div>\n\t\t\t\t<\/div>\n\t\t\t\t\t<\/div>\n\t\t<\/div>\n\t\t\t\t<div class=\"elementor-column elementor-col-50 elementor-top-column elementor-element elementor-element-9e63c2f\" data-id=\"9e63c2f\" data-element_type=\"column\">\n\t\t\t<div class=\"elementor-widget-wrap elementor-element-populated\">\n\t\t\t\t\t\t<div class=\"elementor-element elementor-element-29f401d elementor-align-center elementor-button-primary elementor-widget elementor-widget-button\" data-id=\"29f401d\" data-element_type=\"widget\" data-widget_type=\"button.default\">\n\t\t\t\t<div class=\"elementor-widget-container\">\n\t\t\t        <div class=\"elementor-button-wrapper\">\n            <a href=\"https:\/\/www.zdg.md\/expo\/?page_id=9103\" class=\"elementor-button-link elementor-button elementor-size-lg\" role=\"button\">\n                        <span class=\"elementor-button-content-wrapper\">\n\t\t\t                <span class=\"elementor-button-icon elementor-align-icon-right\">\n\t\t\t\t<i class=\"opal-icon-arrow-circle-right\" aria-hidden=\"true\"><\/i>\n\t\t\t<\/span>\n                        <span class=\"elementor-button-text\">Urm\u0103toarea perioad\u0103 <b>2001\u20142009<\/b><\/span>\n\t\t<\/span>\n\n\n                <\/a>\n        <\/div>\n        \t\t<\/div>\n\t\t\t\t<\/div>\n\t\t\t\t\t<\/div>\n\t\t<\/div>\n\t\t\t\t\t<\/div>\n\t\t<\/section>\n\t\t\t\t<\/div>\n\t\t","protected":false},"excerpt":{"rendered":"<p>1998\u20142001 Mafia de la Chi\u0219in\u0103u se conecteaz\u0103 f\u0103\u021bi\u0219 la mafia global\u0103, implicat\u0103 \u00een comer\u021bul ilegal de arme, fiin\u021be umane, inclusiv femei, copii, \u00eencepe traficul de organe Victor Bout este printre cei mai vesti\u021bi trafican\u021bi de arme de pe glob. \u0218i-a \u00eenceput cariera de dealer interna\u021bional de arme imediat dup\u0103 destr\u0103marea URSS. A reu\u0219it s\u0103 fac\u0103 [&hellip;]<\/p>\n","protected":false},"author":1,"featured_media":0,"parent":0,"menu_order":0,"comment_status":"closed","ping_status":"closed","template":"page-elementor.php","meta":{"footnotes":""},"class_list":["post-9094","page","type-page","status-publish","hentry"],"_links":{"self":[{"href":"https:\/\/www.zdg.md\/expo\/index.php?rest_route=\/wp\/v2\/pages\/9094","targetHints":{"allow":["GET"]}}],"collection":[{"href":"https:\/\/www.zdg.md\/expo\/index.php?rest_route=\/wp\/v2\/pages"}],"about":[{"href":"https:\/\/www.zdg.md\/expo\/index.php?rest_route=\/wp\/v2\/types\/page"}],"author":[{"embeddable":true,"href":"https:\/\/www.zdg.md\/expo\/index.php?rest_route=\/wp\/v2\/users\/1"}],"replies":[{"embeddable":true,"href":"https:\/\/www.zdg.md\/expo\/index.php?rest_route=%2Fwp%2Fv2%2Fcomments&post=9094"}],"version-history":[{"count":14,"href":"https:\/\/www.zdg.md\/expo\/index.php?rest_route=\/wp\/v2\/pages\/9094\/revisions"}],"predecessor-version":[{"id":9142,"href":"https:\/\/www.zdg.md\/expo\/index.php?rest_route=\/wp\/v2\/pages\/9094\/revisions\/9142"}],"wp:attachment":[{"href":"https:\/\/www.zdg.md\/expo\/index.php?rest_route=%2Fwp%2Fv2%2Fmedia&parent=9094"}],"curies":[{"name":"wp","href":"https:\/\/api.w.org\/{rel}","templated":true}]}}