{"id":8951,"date":"2022-01-19T16:56:33","date_gmt":"2022-01-19T16:56:33","guid":{"rendered":"https:\/\/www.zdg.md\/expo\/?page_id=8951"},"modified":"2022-01-20T15:51:22","modified_gmt":"2022-01-20T15:51:22","slug":"1991-1997","status":"publish","type":"page","link":"https:\/\/www.zdg.md\/expo\/?page_id=8951","title":{"rendered":"1991\u20141997"},"content":{"rendered":"\t\t<div data-elementor-type=\"wp-page\" data-elementor-id=\"8951\" class=\"elementor elementor-8951\">\n\t\t\t\t\t\t<section class=\"elementor-section elementor-top-section elementor-element elementor-element-d8ea437 elementor-section-full_width elementor-section-height-default elementor-section-height-default\" data-id=\"d8ea437\" data-element_type=\"section\">\n\t\t\t\t\t\t<div class=\"elementor-container elementor-column-gap-default\">\n\t\t\t\t\t<div class=\"elementor-column elementor-col-100 elementor-top-column elementor-element elementor-element-a3c5c23\" data-id=\"a3c5c23\" data-element_type=\"column\">\n\t\t\t<div class=\"elementor-widget-wrap elementor-element-populated\">\n\t\t\t\t\t\t<div class=\"elementor-element elementor-element-3272b40 elementor-widget elementor-widget-image\" data-id=\"3272b40\" data-element_type=\"widget\" data-widget_type=\"image.default\">\n\t\t\t\t<div class=\"elementor-widget-container\">\n\t\t\t\t\t\t\t\t\t\t\t\t\t<img fetchpriority=\"high\" decoding=\"async\" width=\"2000\" height=\"1333\" src=\"https:\/\/www.zdg.md\/expo\/wp-content\/uploads\/2022\/01\/IMG_20210422_0002.jpg\" class=\"attachment-full size-full wp-image-9049\" alt=\"\" srcset=\"https:\/\/www.zdg.md\/expo\/wp-content\/uploads\/2022\/01\/IMG_20210422_0002.jpg 2000w, https:\/\/www.zdg.md\/expo\/wp-content\/uploads\/2022\/01\/IMG_20210422_0002-300x200.jpg 300w, https:\/\/www.zdg.md\/expo\/wp-content\/uploads\/2022\/01\/IMG_20210422_0002-1024x682.jpg 1024w, https:\/\/www.zdg.md\/expo\/wp-content\/uploads\/2022\/01\/IMG_20210422_0002-768x512.jpg 768w, https:\/\/www.zdg.md\/expo\/wp-content\/uploads\/2022\/01\/IMG_20210422_0002-1536x1024.jpg 1536w, https:\/\/www.zdg.md\/expo\/wp-content\/uploads\/2022\/01\/IMG_20210422_0002-400x267.jpg 400w, https:\/\/www.zdg.md\/expo\/wp-content\/uploads\/2022\/01\/IMG_20210422_0002-600x400.jpg 600w\" sizes=\"(max-width: 2000px) 100vw, 2000px\" \/>\t\t\t\t\t\t\t\t\t\t\t\t\t<\/div>\n\t\t\t\t<\/div>\n\t\t\t\t\t<\/div>\n\t\t<\/div>\n\t\t\t\t\t<\/div>\n\t\t<\/section>\n\t\t\t\t<div class=\"elementor-section elementor-top-section elementor-element elementor-element-5fcfe3b elementor-section-content-top elementor-section-boxed elementor-section-height-default elementor-section-height-default\" data-id=\"5fcfe3b\" data-element_type=\"section\">\n\t\t\t\t\t\t<div class=\"elementor-container elementor-column-gap-default\">\n\t\t\t\t\t<div class=\"elementor-column elementor-col-100 elementor-top-column elementor-element elementor-element-ea69992\" data-id=\"ea69992\" data-element_type=\"column\">\n\t\t\t<div class=\"elementor-widget-wrap elementor-element-populated\">\n\t\t\t\t\t\t<div class=\"elementor-element elementor-element-2fffc73 elementor-align-center elementor-widget elementor-widget-heading\" data-id=\"2fffc73\" data-element_type=\"widget\" data-widget_type=\"heading.default\">\n\t\t\t\t<div class=\"elementor-widget-container\">\n\t\t\t<h1 class=\"elementor-heading-title elementor-size-default\">\u00cenceputul r\u0103zboiului din regiunea transnistrean\u0103 \u0219i \u00eenceputul afacerilor opace \u00een zon\u0103 <\/h1>\t\t<\/div>\n\t\t\t\t<\/div>\n\t\t\t\t<div class=\"elementor-element elementor-element-ab512e8 elementor-drop-cap-yes animated-slow elementor-widget__width-initial elementor-drop-cap-view-default elementor-invisible elementor-widget elementor-widget-text-editor\" data-id=\"ab512e8\" data-element_type=\"widget\" data-settings=\"{&quot;drop_cap&quot;:&quot;yes&quot;,&quot;_animation&quot;:&quot;fadeIn&quot;}\" data-widget_type=\"text-editor.default\">\n\t\t\t\t<div class=\"elementor-widget-container\">\n\t\t\t        <div class=\"elementor-text-editor elementor-clearfix\"><p>\u00cen 1992, un personaj pe nume Victor Gu\u0219an, numit \u00een dosare ofi\u021ber al mili\u021biei transnistrene, devine ulterior unul dintre cei mai boga\u021bi oameni din regiune.<\/p><p>Hot\u0103r\u00e2rea CtEDO pe CAUZA ILA\u015eCU \u015eI AL\u0162II c. MOLDOVEI \u015eI RUSIEI (STRASBOURG, 8 iulie 2004) con\u021bine mai multe m\u0103rturii despre faptul c\u0103 Victor Gu\u0219an participa la arestarea cet\u0103\u021benilor din regiune.<\/p><blockquote><p>\u201eFamilia lui Ilie Ila\u0219cu, care era la Tiraspol pentru c\u00e2teva zile, dormea. Reclamantul s-a dus s\u0103 \u00eencuie u\u015fa casei. Deodat\u0103, u\u015fa s-a deschis \u015fi cinci sau \u015fase solda\u0163i au p\u0103truns \u00een\u0103untru \u015fi l-au lovit \u00een fa\u0163\u0103 cu patul unei arme \u015fi i-au legat m\u00e2inile la spate. Reclamantul l-a recunoscut printre persoanele care au \u00eenceput s\u0103-i perchezi\u021bioneze casa pe un oarecare Victor Gu\u015fan, de la serviciile secrete transnistrene\u201d;<\/p><\/blockquote><p>Dup\u0103 ce ar fi participat la arestarea cet\u0103\u021benilor, Victor Gu\u0219an a avut un succes financiar \u0219i economic fulminant nu doar \u00een regiunea transnistrean\u0103, dar \u0219i la Chi\u0219in\u0103u, \u0219i \u00een multe capitale europene, chiar \u0219i pe insule offshore. La doar un an dup\u0103 arestarea lui Ilie Ila\u0219cu, \u00een iunie 1993, Victor Gu\u0219an a creat caracati\u021ba Sheriff, care \u00een 1996 avea deja o re\u021bea de supermarkete, \u00een 1997 &#8211; un Club Sportiv, \u00een 1998 &#8211; o companie de construc\u021bii, \u00een 1999 &#8211; salonul auto \u201eMercedes-Benz\u201d, \u00een anul 2000 &#8211; un Complex sportiv, iar \u00een 2003, dup\u0103 o privatizare, a fost dat\u0103 \u00een exploatare baza sa de petrol.<\/p><p>\u00a0<\/p><\/div>\n        \t\t<\/div>\n\t\t\t\t<\/div>\n\t\t\t\t<div class=\"elementor-element elementor-element-294337a owl-nav-position-center elementor-widget elementor-widget-opal-image_text_carousel\" data-id=\"294337a\" data-element_type=\"widget\" data-widget_type=\"opal-image_text_carousel.default\">\n\t\t\t\t<div class=\"elementor-widget-container\">\n\t\t\t            <div class=\"elementor-image_text_carousel-wrapper\">\n                <div class=\"owl-carousel owl-theme\" data-settings=\"{&quot;navigation&quot;:&quot;both&quot;,&quot;autoplayHoverPause&quot;:&quot;true&quot;,&quot;autoplay&quot;:&quot;true&quot;,&quot;autoplayTimeout&quot;:5000,&quot;items&quot;:&quot;3&quot;,&quot;loop&quot;:&quot;true&quot;,&quot;center&quot;:true,&quot;mouseDrag&quot;:false,&quot;smartSpeed&quot;:300,&quot;rtl&quot;:false,&quot;items_tablet&quot;:1,&quot;items_mobile&quot;:1}\">\n                                            <div class=\"elementor-content-item column-item\">\n                            <div class=\"elementor-content-item-inner\">\n                                <div class=\"elementor-image-framed\"><figure class=\"elementor-image-box-img\"><img decoding=\"async\" width=\"1000\" height=\"708\" src=\"https:\/\/www.zdg.md\/expo\/wp-content\/uploads\/2022\/01\/211.jpg\" class=\"attachment-full size-full wp-image-8954\" alt=\"\" srcset=\"https:\/\/www.zdg.md\/expo\/wp-content\/uploads\/2022\/01\/211.jpg 1000w, https:\/\/www.zdg.md\/expo\/wp-content\/uploads\/2022\/01\/211-300x212.jpg 300w, https:\/\/www.zdg.md\/expo\/wp-content\/uploads\/2022\/01\/211-768x544.jpg 768w, https:\/\/www.zdg.md\/expo\/wp-content\/uploads\/2022\/01\/211-400x283.jpg 400w, https:\/\/www.zdg.md\/expo\/wp-content\/uploads\/2022\/01\/211-600x425.jpg 600w\" sizes=\"(max-width: 1000px) 100vw, 1000px\" \/><\/figure><\/div>                                <div class=\"elementor-content-wrap\">\n                                    <h4 class=\"elementor-heading-title\">Titlu?<\/h4>                                <\/div>\n                            <\/div>\n                        <\/div>\n                                            <div class=\"elementor-content-item column-item\">\n                            <div class=\"elementor-content-item-inner\">\n                                <div class=\"elementor-image-framed\"><figure class=\"elementor-image-box-img elementor-image-box-img\"><img decoding=\"async\" width=\"1000\" height=\"653\" src=\"https:\/\/www.zdg.md\/expo\/wp-content\/uploads\/2022\/01\/577.jpg\" class=\"attachment-full size-full wp-image-8956\" alt=\"\" srcset=\"https:\/\/www.zdg.md\/expo\/wp-content\/uploads\/2022\/01\/577.jpg 1000w, https:\/\/www.zdg.md\/expo\/wp-content\/uploads\/2022\/01\/577-300x196.jpg 300w, https:\/\/www.zdg.md\/expo\/wp-content\/uploads\/2022\/01\/577-768x502.jpg 768w, https:\/\/www.zdg.md\/expo\/wp-content\/uploads\/2022\/01\/577-400x261.jpg 400w, https:\/\/www.zdg.md\/expo\/wp-content\/uploads\/2022\/01\/577-600x392.jpg 600w\" sizes=\"(max-width: 1000px) 100vw, 1000px\" \/><\/figure><\/div>                                <div class=\"elementor-content-wrap\">\n                                    <h4 class=\"elementor-heading-title\">Title<\/h4>                                <\/div>\n                            <\/div>\n                        <\/div>\n                                            <div class=\"elementor-content-item column-item\">\n                            <div class=\"elementor-content-item-inner\">\n                                <div class=\"elementor-image-framed\"><figure class=\"elementor-image-box-img elementor-image-box-img elementor-image-box-img\"><img loading=\"lazy\" decoding=\"async\" width=\"1000\" height=\"671\" src=\"https:\/\/www.zdg.md\/expo\/wp-content\/uploads\/2022\/01\/SCAN647.jpg\" class=\"attachment-full size-full wp-image-8961\" alt=\"\" srcset=\"https:\/\/www.zdg.md\/expo\/wp-content\/uploads\/2022\/01\/SCAN647.jpg 1000w, https:\/\/www.zdg.md\/expo\/wp-content\/uploads\/2022\/01\/SCAN647-300x201.jpg 300w, https:\/\/www.zdg.md\/expo\/wp-content\/uploads\/2022\/01\/SCAN647-768x515.jpg 768w, https:\/\/www.zdg.md\/expo\/wp-content\/uploads\/2022\/01\/SCAN647-400x268.jpg 400w, https:\/\/www.zdg.md\/expo\/wp-content\/uploads\/2022\/01\/SCAN647-600x403.jpg 600w\" sizes=\"(max-width: 1000px) 100vw, 1000px\" \/><\/figure><\/div>                                <div class=\"elementor-content-wrap\">\n                                    <h4 class=\"elementor-heading-title\">Title<\/h4>                                <\/div>\n                            <\/div>\n                        <\/div>\n                                            <div class=\"elementor-content-item column-item\">\n                            <div class=\"elementor-content-item-inner\">\n                                <div class=\"elementor-image-framed\"><figure class=\"elementor-image-box-img elementor-image-box-img elementor-image-box-img elementor-image-box-img\"><img loading=\"lazy\" decoding=\"async\" width=\"1000\" height=\"667\" src=\"https:\/\/www.zdg.md\/expo\/wp-content\/uploads\/2022\/01\/00019.jpg\" class=\"attachment-full size-full wp-image-8952\" alt=\"\" srcset=\"https:\/\/www.zdg.md\/expo\/wp-content\/uploads\/2022\/01\/00019.jpg 1000w, https:\/\/www.zdg.md\/expo\/wp-content\/uploads\/2022\/01\/00019-300x200.jpg 300w, https:\/\/www.zdg.md\/expo\/wp-content\/uploads\/2022\/01\/00019-768x512.jpg 768w, https:\/\/www.zdg.md\/expo\/wp-content\/uploads\/2022\/01\/00019-400x267.jpg 400w, https:\/\/www.zdg.md\/expo\/wp-content\/uploads\/2022\/01\/00019-600x400.jpg 600w\" sizes=\"(max-width: 1000px) 100vw, 1000px\" \/><\/figure><\/div>                                <div class=\"elementor-content-wrap\">\n                                    <h4 class=\"elementor-heading-title\">Titlukkkk<\/h4>                                <\/div>\n                            <\/div>\n                        <\/div>\n                                            <div class=\"elementor-content-item column-item\">\n                            <div class=\"elementor-content-item-inner\">\n                                <div class=\"elementor-image-framed\"><figure class=\"elementor-image-box-img elementor-image-box-img elementor-image-box-img elementor-image-box-img elementor-image-box-img\"><img loading=\"lazy\" decoding=\"async\" width=\"1000\" height=\"613\" src=\"https:\/\/www.zdg.md\/expo\/wp-content\/uploads\/2022\/01\/00304-Transnistria.jpg\" class=\"attachment-full size-full wp-image-8955\" alt=\"\" srcset=\"https:\/\/www.zdg.md\/expo\/wp-content\/uploads\/2022\/01\/00304-Transnistria.jpg 1000w, https:\/\/www.zdg.md\/expo\/wp-content\/uploads\/2022\/01\/00304-Transnistria-300x184.jpg 300w, https:\/\/www.zdg.md\/expo\/wp-content\/uploads\/2022\/01\/00304-Transnistria-768x471.jpg 768w, https:\/\/www.zdg.md\/expo\/wp-content\/uploads\/2022\/01\/00304-Transnistria-400x245.jpg 400w, https:\/\/www.zdg.md\/expo\/wp-content\/uploads\/2022\/01\/00304-Transnistria-600x368.jpg 600w\" sizes=\"(max-width: 1000px) 100vw, 1000px\" \/><\/figure><\/div>                                <div class=\"elementor-content-wrap\">\n                                    <h4 class=\"elementor-heading-title\">Titlukkkk<\/h4>                                <\/div>\n                            <\/div>\n                        <\/div>\n                                            <div class=\"elementor-content-item column-item\">\n                            <div class=\"elementor-content-item-inner\">\n                                <div class=\"elementor-image-framed\"><figure class=\"elementor-image-box-img elementor-image-box-img elementor-image-box-img elementor-image-box-img elementor-image-box-img elementor-image-box-img\"><img loading=\"lazy\" decoding=\"async\" width=\"1000\" height=\"602\" src=\"https:\/\/www.zdg.md\/expo\/wp-content\/uploads\/2022\/01\/00026.jpg\" class=\"attachment-full size-full wp-image-8953\" alt=\"\" srcset=\"https:\/\/www.zdg.md\/expo\/wp-content\/uploads\/2022\/01\/00026.jpg 1000w, https:\/\/www.zdg.md\/expo\/wp-content\/uploads\/2022\/01\/00026-300x181.jpg 300w, https:\/\/www.zdg.md\/expo\/wp-content\/uploads\/2022\/01\/00026-768x462.jpg 768w, https:\/\/www.zdg.md\/expo\/wp-content\/uploads\/2022\/01\/00026-400x241.jpg 400w, https:\/\/www.zdg.md\/expo\/wp-content\/uploads\/2022\/01\/00026-600x361.jpg 600w\" sizes=\"(max-width: 1000px) 100vw, 1000px\" \/><\/figure><\/div>                                <div class=\"elementor-content-wrap\">\n                                    <h4 class=\"elementor-heading-title\">Titlukkkkjjl<\/h4>                                <\/div>\n                            <\/div>\n                        <\/div>\n                                    <\/div>\n            <\/div>\n            \t\t<\/div>\n\t\t\t\t<\/div>\n\t\t\t\t<div class=\"elementor-element elementor-element-9760bfb elementor-widget-divider--view-line elementor-widget elementor-widget-divider\" data-id=\"9760bfb\" data-element_type=\"widget\" data-widget_type=\"divider.default\">\n\t\t\t\t<div class=\"elementor-widget-container\">\n\t\t\t\t\t<div class=\"elementor-divider\">\n\t\t\t<span class=\"elementor-divider-separator\">\n\t\t\t\t\t\t<\/span>\n\t\t<\/div>\n\t\t\t\t<\/div>\n\t\t\t\t<\/div>\n\t\t\t\t<div class=\"elementor-element elementor-element-691720f elementor-align-center elementor-widget elementor-widget-heading\" data-id=\"691720f\" data-element_type=\"widget\" data-widget_type=\"heading.default\">\n\t\t\t\t<div class=\"elementor-widget-container\">\n\t\t\t<h1 class=\"elementor-heading-title elementor-size-default\">Marea Privatizare care a dus la \u00eembog\u0103\u021birea elitelor \u0219i a nomenclaturii \u0219i la pauperizarea \u0219i demoralizarea cet\u0103\u021benilor de r\u00e2nd. <\/h1>\t\t<\/div>\n\t\t\t\t<\/div>\n\t\t\t\t\t<\/div>\n\t\t<\/div>\n\t\t\t\t\t<\/div>\n\t\t<\/div>\n\t\t\t\t<div class=\"elementor-section elementor-top-section elementor-element elementor-element-07430d7 elementor-section-content-top elementor-section-boxed elementor-section-height-default elementor-section-height-default\" data-id=\"07430d7\" data-element_type=\"section\" data-settings=\"{&quot;background_background&quot;:&quot;classic&quot;}\">\n\t\t\t\t\t\t\t<div class=\"elementor-background-overlay\"><\/div>\n\t\t\t\t\t\t\t<div class=\"elementor-container elementor-column-gap-default\">\n\t\t\t\t\t<div class=\"elementor-column elementor-col-100 elementor-top-column elementor-element elementor-element-5012cb9\" data-id=\"5012cb9\" data-element_type=\"column\">\n\t\t\t<div class=\"elementor-widget-wrap elementor-element-populated\">\n\t\t\t\t\t\t<div class=\"elementor-element elementor-element-c8b832f elementor-drop-cap-yes animated-slow elementor-widget__width-initial elementor-drop-cap-view-default elementor-invisible elementor-widget elementor-widget-text-editor\" data-id=\"c8b832f\" data-element_type=\"widget\" data-settings=\"{&quot;drop_cap&quot;:&quot;yes&quot;,&quot;_animation&quot;:&quot;fadeIn&quot;}\" data-widget_type=\"text-editor.default\">\n\t\t\t\t<div class=\"elementor-widget-container\">\n\t\t\t        <div class=\"elementor-text-editor elementor-clearfix\"><p>\u00cen 1993, a fost lansat programul de stat de privatizare \u00een mas\u0103, \u00een urma c\u0103ruia cet\u0103\u021benii de r\u00e2nd trebuiau s\u0103 devin\u0103 ac\u021bionari ai diferitor \u00eentreprinderi, primind <a href=\"https:\/\/www.legis.md\/cautare\/getResults?doc_id=86704&amp;lang=ro\">un num\u0103r anume de bonuri patrimoniale<\/a>. Beneficiarii privatiz\u0103rii au devenit exponen\u021bii guvern\u0103rii \u0219i ai fostei nomenclaturi a partidului comunist din perioada URSS, iar bunurile privatizate sunt \u00een folosin\u021ba clanurilor politice p\u00e2n\u0103 \u00een prezent.<\/p><\/div>\n        \t\t<\/div>\n\t\t\t\t<\/div>\n\t\t\t\t<div class=\"elementor-element elementor-element-d13cbd9 elementor-widget elementor-widget-image\" data-id=\"d13cbd9\" data-element_type=\"widget\" data-widget_type=\"image.default\">\n\t\t\t\t<div class=\"elementor-widget-container\">\n\t\t\t\t\t\t\t\t\t\t\t\t\t<img loading=\"lazy\" decoding=\"async\" width=\"492\" height=\"600\" src=\"https:\/\/www.zdg.md\/expo\/wp-content\/uploads\/2022\/01\/bon-patrimonial-transparent.png\" class=\"attachment-full size-full wp-image-9024\" alt=\"\" srcset=\"https:\/\/www.zdg.md\/expo\/wp-content\/uploads\/2022\/01\/bon-patrimonial-transparent.png 492w, https:\/\/www.zdg.md\/expo\/wp-content\/uploads\/2022\/01\/bon-patrimonial-transparent-246x300.png 246w, https:\/\/www.zdg.md\/expo\/wp-content\/uploads\/2022\/01\/bon-patrimonial-transparent-400x488.png 400w\" sizes=\"(max-width: 492px) 100vw, 492px\" \/>\t\t\t\t\t\t\t\t\t\t\t\t\t<\/div>\n\t\t\t\t<\/div>\n\t\t\t\t\t<\/div>\n\t\t<\/div>\n\t\t\t\t\t<\/div>\n\t\t<\/div>\n\t\t\t\t<section class=\"elementor-section elementor-top-section elementor-element elementor-element-9474d78 elementor-section-boxed elementor-section-height-default elementor-section-height-default\" data-id=\"9474d78\" data-element_type=\"section\">\n\t\t\t\t\t\t<div class=\"elementor-container elementor-column-gap-default\">\n\t\t\t\t\t<div class=\"elementor-column elementor-col-100 elementor-top-column elementor-element elementor-element-d2e28f2\" data-id=\"d2e28f2\" data-element_type=\"column\">\n\t\t\t<div class=\"elementor-widget-wrap elementor-element-populated\">\n\t\t\t\t\t\t<div class=\"elementor-element elementor-element-41fa267 elementor-widget-divider--view-line elementor-widget elementor-widget-divider\" data-id=\"41fa267\" data-element_type=\"widget\" data-widget_type=\"divider.default\">\n\t\t\t\t<div class=\"elementor-widget-container\">\n\t\t\t\t\t<div class=\"elementor-divider\">\n\t\t\t<span class=\"elementor-divider-separator\">\n\t\t\t\t\t\t<\/span>\n\t\t<\/div>\n\t\t\t\t<\/div>\n\t\t\t\t<\/div>\n\t\t\t\t\t<\/div>\n\t\t<\/div>\n\t\t\t\t\t<\/div>\n\t\t<\/section>\n\t\t\t\t<section class=\"elementor-section elementor-top-section elementor-element elementor-element-244bd54 elementor-section-boxed elementor-section-height-default elementor-section-height-default\" data-id=\"244bd54\" data-element_type=\"section\">\n\t\t\t\t\t\t<div class=\"elementor-container elementor-column-gap-default\">\n\t\t\t\t\t<div class=\"elementor-column elementor-col-33 elementor-top-column elementor-element elementor-element-01f7db6\" data-id=\"01f7db6\" data-element_type=\"column\">\n\t\t\t<div class=\"elementor-widget-wrap elementor-element-populated\">\n\t\t\t\t\t\t<div class=\"elementor-element elementor-element-c783047 elementor-align-left elementor-widget elementor-widget-heading\" data-id=\"c783047\" data-element_type=\"widget\" data-widget_type=\"heading.default\">\n\t\t\t\t<div class=\"elementor-widget-container\">\n\t\t\t<h1 class=\"elementor-heading-title elementor-size-default\">\u00cemp\u0103r\u021birea \u0219i sp\u0103larea banilor de\u021binu\u021bi de c\u0103tre fostul partid comunist. <\/h1>\t\t<\/div>\n\t\t\t\t<\/div>\n\t\t\t\t<div class=\"elementor-element elementor-element-3f4b637 elementor-widget elementor-widget-text-editor\" data-id=\"3f4b637\" data-element_type=\"widget\" data-widget_type=\"text-editor.default\">\n\t\t\t\t<div class=\"elementor-widget-container\">\n\t\t\t        <div class=\"elementor-text-editor elementor-clearfix\"><p>\u00cen anul 1991, este creat\u0103 firma Seabeco, stabilit\u0103 \u00een sediul fostului hotel al Partidului Comunist (actualmente Jolly Alon). Firma a fost creat\u0103 de Boris Birstein. \u201c<a href=\"https:\/\/moldova.europalibera.org\/a\/27891234.html\">Mai multe ziare de referin\u0163\u0103 din Rusia \u015fi din Occident au scris c\u0103 prin intermediul grupului de firme Seabeco au fost sp\u0103la\u0163i banii fostului CC al PCUS \u015fi KGB.<\/a>\u00a0\u00cen companii au fost implica\u0163i mai mul\u0163i ofi\u0163eri KGB stabili\u0163i \u00een Europa\u201d, scrie\u00a0<em>Europa Liber\u0103.<\/em><\/p><\/div>\n        \t\t<\/div>\n\t\t\t\t<\/div>\n\t\t\t\t\t<\/div>\n\t\t<\/div>\n\t\t\t\t<div class=\"elementor-column elementor-col-66 elementor-top-column elementor-element elementor-element-2cfa2e1\" data-id=\"2cfa2e1\" data-element_type=\"column\">\n\t\t\t<div class=\"elementor-widget-wrap elementor-element-populated\">\n\t\t\t\t\t\t<div class=\"elementor-element elementor-element-11a2c1a elementor-widget elementor-widget-image\" data-id=\"11a2c1a\" data-element_type=\"widget\" data-widget_type=\"image.default\">\n\t\t\t\t<div class=\"elementor-widget-container\">\n\t\t\t\t\t\t\t\t\t\t\t\t\t<img loading=\"lazy\" decoding=\"async\" width=\"1999\" height=\"1323\" src=\"https:\/\/www.zdg.md\/expo\/wp-content\/uploads\/2022\/01\/Scan101.jpg\" class=\"attachment-full size-full wp-image-9032\" alt=\"\" srcset=\"https:\/\/www.zdg.md\/expo\/wp-content\/uploads\/2022\/01\/Scan101.jpg 1999w, https:\/\/www.zdg.md\/expo\/wp-content\/uploads\/2022\/01\/Scan101-300x199.jpg 300w, https:\/\/www.zdg.md\/expo\/wp-content\/uploads\/2022\/01\/Scan101-1024x678.jpg 1024w, https:\/\/www.zdg.md\/expo\/wp-content\/uploads\/2022\/01\/Scan101-768x508.jpg 768w, https:\/\/www.zdg.md\/expo\/wp-content\/uploads\/2022\/01\/Scan101-1536x1017.jpg 1536w, https:\/\/www.zdg.md\/expo\/wp-content\/uploads\/2022\/01\/Scan101-400x265.jpg 400w, https:\/\/www.zdg.md\/expo\/wp-content\/uploads\/2022\/01\/Scan101-600x397.jpg 600w\" sizes=\"(max-width: 1999px) 100vw, 1999px\" \/>\t\t\t\t\t\t\t\t\t\t\t\t\t<\/div>\n\t\t\t\t<\/div>\n\t\t\t\t\t<\/div>\n\t\t<\/div>\n\t\t\t\t\t<\/div>\n\t\t<\/section>\n\t\t\t\t<section class=\"elementor-section elementor-top-section elementor-element elementor-element-80ecc27 elementor-section-boxed elementor-section-height-default elementor-section-height-default\" data-id=\"80ecc27\" data-element_type=\"section\">\n\t\t\t\t\t\t<div class=\"elementor-container elementor-column-gap-default\">\n\t\t\t\t\t<div class=\"elementor-column elementor-col-50 elementor-top-column elementor-element elementor-element-d3d7efe\" data-id=\"d3d7efe\" data-element_type=\"column\">\n\t\t\t<div class=\"elementor-widget-wrap\">\n\t\t\t\t\t\t\t<\/div>\n\t\t<\/div>\n\t\t\t\t<div class=\"elementor-column elementor-col-50 elementor-top-column elementor-element elementor-element-d91d816\" data-id=\"d91d816\" data-element_type=\"column\">\n\t\t\t<div class=\"elementor-widget-wrap\">\n\t\t\t\t\t\t\t<\/div>\n\t\t<\/div>\n\t\t\t\t\t<\/div>\n\t\t<\/section>\n\t\t\t\t<section class=\"elementor-section elementor-top-section elementor-element elementor-element-df624c5 elementor-section-boxed elementor-section-height-default elementor-section-height-default\" data-id=\"df624c5\" data-element_type=\"section\">\n\t\t\t\t\t\t<div class=\"elementor-container elementor-column-gap-default\">\n\t\t\t\t\t<div class=\"elementor-column elementor-col-100 elementor-top-column elementor-element elementor-element-02e2f7c\" data-id=\"02e2f7c\" data-element_type=\"column\">\n\t\t\t<div class=\"elementor-widget-wrap elementor-element-populated\">\n\t\t\t\t\t\t<div class=\"elementor-element elementor-element-ce6bd71 elementor-align-center elementor-button-primary elementor-widget elementor-widget-button\" data-id=\"ce6bd71\" data-element_type=\"widget\" data-widget_type=\"button.default\">\n\t\t\t\t<div class=\"elementor-widget-container\">\n\t\t\t        <div class=\"elementor-button-wrapper\">\n            <a href=\"https:\/\/www.zdg.md\/expo\/?page_id=9094\" class=\"elementor-button-link elementor-button elementor-size-lg\" role=\"button\">\n                        <span class=\"elementor-button-content-wrapper\">\n\t\t\t                <span class=\"elementor-button-icon elementor-align-icon-right\">\n\t\t\t\t<i class=\"opal-icon-arrow-circle-right\" aria-hidden=\"true\"><\/i>\n\t\t\t<\/span>\n                        <span class=\"elementor-button-text\">Urm\u0103toarea perioad\u0103 <b>1998\u20142001<\/b><\/span>\n\t\t<\/span>\n\n\n                <\/a>\n        <\/div>\n        \t\t<\/div>\n\t\t\t\t<\/div>\n\t\t\t\t\t<\/div>\n\t\t<\/div>\n\t\t\t\t\t<\/div>\n\t\t<\/section>\n\t\t\t\t<\/div>\n\t\t","protected":false},"excerpt":{"rendered":"<p>\u00cenceputul r\u0103zboiului din regiunea transnistrean\u0103 \u0219i \u00eenceputul afacerilor opace \u00een zon\u0103 \u00cen 1992, un personaj pe nume Victor Gu\u0219an, numit \u00een dosare ofi\u021ber al mili\u021biei transnistrene, devine ulterior unul dintre cei mai boga\u021bi oameni din regiune. Hot\u0103r\u00e2rea CtEDO pe CAUZA ILA\u015eCU \u015eI AL\u0162II c. MOLDOVEI \u015eI RUSIEI (STRASBOURG, 8 iulie 2004) con\u021bine mai multe m\u0103rturii [&hellip;]<\/p>\n","protected":false},"author":1,"featured_media":9037,"parent":0,"menu_order":0,"comment_status":"closed","ping_status":"closed","template":"page-elementor.php","meta":{"footnotes":""},"class_list":["post-8951","page","type-page","status-publish","has-post-thumbnail","hentry"],"_links":{"self":[{"href":"https:\/\/www.zdg.md\/expo\/index.php?rest_route=\/wp\/v2\/pages\/8951","targetHints":{"allow":["GET"]}}],"collection":[{"href":"https:\/\/www.zdg.md\/expo\/index.php?rest_route=\/wp\/v2\/pages"}],"about":[{"href":"https:\/\/www.zdg.md\/expo\/index.php?rest_route=\/wp\/v2\/types\/page"}],"author":[{"embeddable":true,"href":"https:\/\/www.zdg.md\/expo\/index.php?rest_route=\/wp\/v2\/users\/1"}],"replies":[{"embeddable":true,"href":"https:\/\/www.zdg.md\/expo\/index.php?rest_route=%2Fwp%2Fv2%2Fcomments&post=8951"}],"version-history":[{"count":111,"href":"https:\/\/www.zdg.md\/expo\/index.php?rest_route=\/wp\/v2\/pages\/8951\/revisions"}],"predecessor-version":[{"id":9139,"href":"https:\/\/www.zdg.md\/expo\/index.php?rest_route=\/wp\/v2\/pages\/8951\/revisions\/9139"}],"wp:featuredmedia":[{"embeddable":true,"href":"https:\/\/www.zdg.md\/expo\/index.php?rest_route=\/wp\/v2\/media\/9037"}],"wp:attachment":[{"href":"https:\/\/www.zdg.md\/expo\/index.php?rest_route=%2Fwp%2Fv2%2Fmedia&parent=8951"}],"curies":[{"name":"wp","href":"https:\/\/api.w.org\/{rel}","templated":true}]}}